{"id":29,"date":"2021-05-02T11:07:57","date_gmt":"2021-05-02T09:07:57","guid":{"rendered":"http:\/\/localhost:8888\/annecarre\/?page_id=29"},"modified":"2022-11-30T10:19:36","modified_gmt":"2022-11-30T09:19:36","slug":"quattendre-dune-psychotherapie","status":"publish","type":"page","link":"https:\/\/annecarrepsychologue.fr\/index.php\/quattendre-dune-psychotherapie\/","title":{"rendered":"Qu&#8217;attendre d&#8217;une psychoth\u00e9rapie ?"},"content":{"rendered":"\n<figure class=\"wp-block-image \"><img decoding=\"async\" src=\"http:\/\/annecarrepsychologue.fr\/wp-content\/uploads\/2022\/11\/shutterstock_1088351294-copie-1-1024x576.jpeg\" alt=\"\" class=\"wp-image-193\" width=\"100%\" height=\"472\" srcset=\"https:\/\/annecarrepsychologue.fr\/wp-content\/uploads\/2022\/11\/shutterstock_1088351294-copie-1-1024x576.jpeg 1024w, https:\/\/annecarrepsychologue.fr\/wp-content\/uploads\/2022\/11\/shutterstock_1088351294-copie-1-300x169.jpeg 300w, https:\/\/annecarrepsychologue.fr\/wp-content\/uploads\/2022\/11\/shutterstock_1088351294-copie-1-768x432.jpeg 768w, https:\/\/annecarrepsychologue.fr\/wp-content\/uploads\/2022\/11\/shutterstock_1088351294-copie-1-1536x864.jpeg 1536w, https:\/\/annecarrepsychologue.fr\/wp-content\/uploads\/2022\/11\/shutterstock_1088351294-copie-1-2048x1152.jpeg 2048w, https:\/\/annecarrepsychologue.fr\/wp-content\/uploads\/2022\/11\/shutterstock_1088351294-copie-1-370x208.jpeg 370w, https:\/\/annecarrepsychologue.fr\/wp-content\/uploads\/2022\/11\/shutterstock_1088351294-copie-1-1278x718.jpeg 1278w, https:\/\/annecarrepsychologue.fr\/wp-content\/uploads\/2022\/11\/shutterstock_1088351294-copie-1-760x427.jpeg 760w, https:\/\/annecarrepsychologue.fr\/wp-content\/uploads\/2022\/11\/shutterstock_1088351294-copie-1-270x152.jpeg 270w\" sizes=\"(max-width: 1024px) 100vw, 1024px\" \/><\/figure>\n\n\n\n<p><\/p>\n\n\n\n<p class=\"has-text-align-left\"> <strong>Les raisons de consulter<\/strong><\/p>\n\n\n\n<p>La d\u00e9marche de venir consulter n\u2019est pas facile. Il faut souvent du temps avant de r\u00e9ussir \u00e0 demander de l\u2019aide pour mieux g\u00e9rer sa souffrance psychique, que ce soit pour un probl\u00e8me bien particulier, un sympt\u00f4me, ou pour un mal-\u00eatre plus diffus&nbsp;: angoisse, tristesse, peurs, troubles du sommeil, difficult\u00e9s relationnelles, mal-\u00eatre au travail ou en famille, perte de confiance en soi, troubles psychosomatiques, difficult\u00e9 \u00e0 surmonter un \u00e9pisode de vie, qu\u2019il soit douloureux ou simplement questionnant (\u00e9v\u00e9nement traumatique, survenue d\u2019une maladie, construction de sa parentalit\u00e9\u2026).<\/p>\n\n\n\n<p><img decoding=\"async\" class=\"wp-image-25\" style=\"width: 30px;\" src=\"http:\/\/localhost:8888\/annecarre\/wp-content\/uploads\/2021\/05\/cropped-Logo_Anne-e1619946086500-1.png\" alt=\"\"> <br><strong>Les objectifs d\u2019une psychoth\u00e9rapie<\/strong><\/p>\n\n\n\n<p>Le processus th\u00e9rapeutique vise, en d\u00e9veloppant une&nbsp;<strong>meilleure connaissance de soi<\/strong>&nbsp;et de son fonctionnement psychique, \u00e0 reprendre&nbsp;<strong>confiance en ses capacit\u00e9s et sa valeur personnelle<\/strong><em>.<\/em><\/p>\n\n\n\n<p>Vos ressources et vos comp\u00e9tences seront renforc\u00e9es, d\u2019autres seront \u00e0 acqu\u00e9rir pour&nbsp;<strong>am\u00e9liorer votre estime de vous-m\u00eame et d\u00e9passer vos limites.<\/strong><\/p>\n\n\n\n<p>Parall\u00e8lement, il s\u2019agira aussi de pointer les comportements ou les pens\u00e9es qui vous font souffrir pour vous en distancier &#8211; vos \u00e9motions deviendront moins difficiles \u00e0 g\u00e9rer \u2013 avant de pouvoir les modifier.&nbsp;<\/p>\n\n\n\n<p>Les comp\u00e9tences valoris\u00e9es permettront alors de&nbsp;<strong>prendre le contr\u00f4le de votre vie<\/strong>, vous projeter et construire l\u2019avenir diff\u00e9remment pour trouver un \u00e9quilibre plus serein, et enfin d\u2019\u00eatre&nbsp;<strong>autonome<\/strong>&nbsp;apr\u00e8s la fin de la th\u00e9rapie.<\/p>\n\n\n\n<p>Autre b\u00e9n\u00e9fice de la th\u00e9rapie&nbsp;: mieux se conna\u00eetre permet de d\u00e9velopper son empathie vis-\u00e0-vis de soi-m\u00eame, mais aussi vis-\u00e0-vis des autres. Les&nbsp;<strong>relations interpersonnelles<\/strong>&nbsp;en couple, en famille ou au travail en deviennent&nbsp;<strong>plus sereines<\/strong>&nbsp;et \u00e9panouissantes, empreintes d\u2019une meilleure communication<em>.<\/em><\/p>\n\n\n\n<p><img decoding=\"async\" class=\"wp-image-25\" style=\"width: 30px;\" src=\"http:\/\/localhost:8888\/annecarre\/wp-content\/uploads\/2021\/05\/cropped-Logo_Anne-e1619946086500-1.png\" alt=\"\"><br><strong>La psychoth\u00e9rapie analytique ou psychodynamique<\/strong><\/p>\n\n\n\n<p>Ma pratique s\u2019appuie sur une grille de lecture pr\u00e9f\u00e9rentiellement&nbsp;<strong>analytique ou psychodynamique<\/strong>, c\u2019est-\u00e0-dire qu\u2019elle est influenc\u00e9e par la psychanalyse&nbsp;: une place certaine y est faite aux conflits internes inconscients non r\u00e9solus du pass\u00e9 qui influencent les pens\u00e9es, les \u00e9motions et les comportements du pr\u00e9sent. Le sympt\u00f4me a donc un sens, il vient nous dire quelque chose qu\u2019il faut d\u00e9crypter pour d\u00e9m\u00ealer les n\u0153uds.<\/p>\n\n\n\n<p>En recherchant ces liens entre le pass\u00e9 et le pr\u00e9sent, en posant des mots sur les maux, vous pourrez&nbsp;comprendre le&nbsp;<strong>sens inconscient de sympt\u00f4mes dysfonctionnels,&nbsp;les apprivoiser, puis les modifier.<\/strong><\/p>\n\n\n\n<p>Selon votre demande, nous pourrons aussi concentrer notre attention sur vos difficult\u00e9s pr\u00e9sentes et travailler \u00e0 d\u00e9velopper vos capacit\u00e9s \u00e0 faire face \u00e0 ce qui est \u00e0 l\u2019origine de votre souffrance.&nbsp;<\/p>\n\n\n\n<p>J\u2019essaie donc de <strong>m\u2019adapter au mieux aux besoins de chacun<\/strong>, \u00e0 l\u00e0 o\u00f9 vous en \u00eates au moment o\u00f9 vous venez me rencontrer.<\/p>\n\n\n\n<p><img decoding=\"async\" class=\"wp-image-25\" style=\"width: 30px;\" src=\"http:\/\/localhost:8888\/annecarre\/wp-content\/uploads\/2021\/05\/cropped-Logo_Anne-e1619946086500-1.png\" alt=\"\"><br><strong>Dur\u00e9e<\/strong><\/p>\n\n\n\n<p>La dur\u00e9e d\u2019une psychoth\u00e9rapie peut varier de <strong>quelques mois \u00e0 plusieurs ann\u00e9es<\/strong>, selon le motif de votre demande, vos objectifs et la profondeur du travail que vous souhaitez faire.<\/p>\n","protected":false},"excerpt":{"rendered":"<p>Les raisons de consulter La d\u00e9marche de venir consulter n\u2019est pas facile. Il faut souvent du temps avant de r\u00e9ussir \u00e0 demander de l\u2019aide pour mieux g\u00e9rer sa souffrance psychique, que ce soit pour un probl\u00e8me bien particulier, un sympt\u00f4me, ou pour un mal-\u00eatre plus diffus&nbsp;: angoisse, tristesse, peurs, troubles du sommeil, difficult\u00e9s relationnelles, mal-\u00eatre au travail ou en famille,&hellip;<\/p>\n","protected":false},"author":2,"featured_media":0,"parent":0,"menu_order":0,"comment_status":"closed","ping_status":"closed","template":"","meta":{"footnotes":""},"class_list":["post-29","page","type-page","status-publish","hentry"],"_links":{"self":[{"href":"https:\/\/annecarrepsychologue.fr\/index.php\/wp-json\/wp\/v2\/pages\/29","targetHints":{"allow":["GET"]}}],"collection":[{"href":"https:\/\/annecarrepsychologue.fr\/index.php\/wp-json\/wp\/v2\/pages"}],"about":[{"href":"https:\/\/annecarrepsychologue.fr\/index.php\/wp-json\/wp\/v2\/types\/page"}],"author":[{"embeddable":true,"href":"https:\/\/annecarrepsychologue.fr\/index.php\/wp-json\/wp\/v2\/users\/2"}],"replies":[{"embeddable":true,"href":"https:\/\/annecarrepsychologue.fr\/index.php\/wp-json\/wp\/v2\/comments?post=29"}],"version-history":[{"count":10,"href":"https:\/\/annecarrepsychologue.fr\/index.php\/wp-json\/wp\/v2\/pages\/29\/revisions"}],"predecessor-version":[{"id":279,"href":"https:\/\/annecarrepsychologue.fr\/index.php\/wp-json\/wp\/v2\/pages\/29\/revisions\/279"}],"wp:attachment":[{"href":"https:\/\/annecarrepsychologue.fr\/index.php\/wp-json\/wp\/v2\/media?parent=29"}],"curies":[{"name":"wp","href":"https:\/\/api.w.org\/{rel}","templated":true}]}}