{"id":33,"date":"2021-05-02T11:09:42","date_gmt":"2021-05-02T09:09:42","guid":{"rendered":"http:\/\/localhost:8888\/annecarre\/?page_id=33"},"modified":"2022-11-30T10:27:16","modified_gmt":"2022-11-30T09:27:16","slug":"je-me-presente","status":"publish","type":"page","link":"https:\/\/annecarrepsychologue.fr\/index.php\/je-me-presente\/","title":{"rendered":"Qui suis-je ?"},"content":{"rendered":"<p>[vc_row][vc_column icons_position=&#8221;left&#8221;][vc_column_text]<\/p>\r\n<p>Psychologue clinicienne\u00a0dipl\u00f4m\u00e9e en 2007 \u00e0 l\u2019Universit\u00e9 Paris V Ren\u00e9 Descartes, j\u2019ai travaill\u00e9 9 ans en institutions aupr\u00e8s de personnes atteintes de\u00a0<strong>maladies chroniques\u00a0:<\/strong><\/p>\r\n\r\n<p><img decoding=\"async\" class=\"wp-image-25\" style=\"width: 30px;\" src=\"http:\/\/annecarrepsychologue.fr\/\/wp-content\/uploads\/2021\/05\/cropped-Logo_Anne-e1619946086500-1.png\" alt=\"\" \/> R\u00e9seau de sant\u00e9 SINDEFI\u00a0en Ile de France\u00a0: \u00e9quipe pluriprofessionnelle\u00a0 accompagnant les personnes atteintes de scl\u00e9rose en plaques<\/p>\r\n\r\n<p><img decoding=\"async\" class=\"wp-image-25\" style=\"width: 30px;\" src=\"http:\/\/annecarrepsychologue.fr\/\/wp-content\/uploads\/2021\/05\/cropped-Logo_Anne-e1619946086500-1.png\" alt=\"\" \/> Centre de r\u00e9\u00e9ducation P\u00f4le Saint H\u00e9lier \u00e0 Rennes\u00a0: maladies neurologiques et orthop\u00e9diques, douleurs chroniques<\/p>\r\n\r\n<p><img decoding=\"async\" class=\"wp-image-25\" style=\"width: 30px;\" src=\"http:\/\/annecarrepsychologue.fr\/\/wp-content\/uploads\/2021\/05\/cropped-Logo_Anne-e1619946086500-1.png\" alt=\"\" \/> Centre hospitalier de Laval (53)\u00a0: diab\u00e8te, insuffisance r\u00e9nale, pr\u00e9vention cardio-vasculaire<\/p>\r\n\r\n<p>Dans ces cadres j\u2019ai pu me former \u00e0 l\u2019Education Th\u00e9rapeutique du Patient (ETP), puis la pratiquer en individuel et en groupe.<\/p>\r\n\r\n<p>J\u2019ai d\u00e9but\u00e9 ma pratique de\u00a0psychoth\u00e9rapeute lib\u00e9rale\u00a0en 2009, en r\u00e9gion parisienne, \u00e0 Rennes puis \u00e0 Cesson-S\u00e9vign\u00e9.<\/p>\r\n\r\n<p>Depuis 2015, je suis \u00e9galement\u00a0animatrice\u00a0de\u00a0<strong>groupes de parole<\/strong>\u00a0pour personnes atteintes de\u00a0<strong>scl\u00e9rose en plaques<\/strong>\u00a0\u00e0 Laval (53) et depuis 2018 aupr\u00e8s de\u00a0<strong>proches aidants<\/strong>\u00a0dans le cadre de formations et de caf\u00e9s des aidants \u00e0 Vitr\u00e9 (35), labellis\u00e9s par l\u2019Association Fran\u00e7aise des Aidants.<\/p>\r\n\r\n<p>Mon travail de psychologue m\u2019a aussi men\u00e9e \u00e0 animer des formations et des groupes d\u2019analyse de pratique pour des \u00e9quipes m\u00e9dicales, soignantes et \u00e9ducatives.<\/p>\r\n\r\n<p>Enfin, mon dernier dipl\u00f4me universitaire a port\u00e9 sur la th\u00e9matique de la psychologie de la\u00a0<strong>p\u00e9rinatalit\u00e9\u00a0<\/strong>pour mieux accompagner les questionnements autour de l\u2019infertilit\u00e9, la gyn\u00e9cologie, l\u2019obst\u00e9trique ou la n\u00e9onatologie (DU Le psychique face \u00e0 la naissance, Universit\u00e9 de m\u00e9decine Paris Descartes, 2020).<\/p>\r\n<p>\u00a0<\/p>\r\n<p>\u00a0<\/p>\r\n<div class=\"wp-block-image\">\r\n<figure class=\"aligncenter size-full is-resized\"><img loading=\"lazy\" decoding=\"async\" class=\"wp-image-191\" src=\"http:\/\/annecarrepsychologue.fr\/wp-content\/uploads\/2022\/11\/anne-1.jpg\" alt=\"\" width=\"123\" height=\"181\" srcset=\"https:\/\/annecarrepsychologue.fr\/wp-content\/uploads\/2022\/11\/anne-1.jpg 453w, https:\/\/annecarrepsychologue.fr\/wp-content\/uploads\/2022\/11\/anne-1-204x300.jpg 204w, https:\/\/annecarrepsychologue.fr\/wp-content\/uploads\/2022\/11\/anne-1-370x545.jpg 370w\" sizes=\"auto, (max-width: 123px) 100vw, 123px\" \/><\/figure>\r\n<p><\/div>\u00a0<\/p>\r\n<p>[\/vc_column_text][\/vc_column][\/vc_row]<\/p>","protected":false},"excerpt":{"rendered":"<p>[vc_row][vc_column icons_position=&#8221;left&#8221;][vc_column_text] Psychologue clinicienne\u00a0dipl\u00f4m\u00e9e en 2007 \u00e0 l\u2019Universit\u00e9 Paris V Ren\u00e9 Descartes, j\u2019ai travaill\u00e9 9 ans en institutions aupr\u00e8s de personnes atteintes de\u00a0maladies chroniques\u00a0: R\u00e9seau de sant\u00e9 SINDEFI\u00a0en Ile de France\u00a0: \u00e9quipe pluriprofessionnelle\u00a0 accompagnant les personnes atteintes de scl\u00e9rose en plaques Centre de r\u00e9\u00e9ducation P\u00f4le Saint H\u00e9lier \u00e0 Rennes\u00a0: maladies neurologiques et orthop\u00e9diques, douleurs chroniques Centre hospitalier de Laval (53)\u00a0:&hellip;<\/p>\n","protected":false},"author":2,"featured_media":0,"parent":0,"menu_order":0,"comment_status":"closed","ping_status":"closed","template":"","meta":{"footnotes":""},"class_list":["post-33","page","type-page","status-publish","hentry"],"_links":{"self":[{"href":"https:\/\/annecarrepsychologue.fr\/index.php\/wp-json\/wp\/v2\/pages\/33","targetHints":{"allow":["GET"]}}],"collection":[{"href":"https:\/\/annecarrepsychologue.fr\/index.php\/wp-json\/wp\/v2\/pages"}],"about":[{"href":"https:\/\/annecarrepsychologue.fr\/index.php\/wp-json\/wp\/v2\/types\/page"}],"author":[{"embeddable":true,"href":"https:\/\/annecarrepsychologue.fr\/index.php\/wp-json\/wp\/v2\/users\/2"}],"replies":[{"embeddable":true,"href":"https:\/\/annecarrepsychologue.fr\/index.php\/wp-json\/wp\/v2\/comments?post=33"}],"version-history":[{"count":10,"href":"https:\/\/annecarrepsychologue.fr\/index.php\/wp-json\/wp\/v2\/pages\/33\/revisions"}],"predecessor-version":[{"id":282,"href":"https:\/\/annecarrepsychologue.fr\/index.php\/wp-json\/wp\/v2\/pages\/33\/revisions\/282"}],"wp:attachment":[{"href":"https:\/\/annecarrepsychologue.fr\/index.php\/wp-json\/wp\/v2\/media?parent=33"}],"curies":[{"name":"wp","href":"https:\/\/api.w.org\/{rel}","templated":true}]}}